{"id":103,"date":"2025-09-20T17:58:18","date_gmt":"2025-09-20T17:58:18","guid":{"rendered":"https:\/\/visegrad.website.tuke.sk\/?page_id=103"},"modified":"2025-10-15T13:45:23","modified_gmt":"2025-10-15T13:45:23","slug":"project-details","status":"publish","type":"page","link":"https:\/\/visegrad.website.tuke.sk\/index.php\/project-details\/","title":{"rendered":"Project details"},"content":{"rendered":"\n<p>red. R\u00f3bert \u0160tefko<\/p>\n\n\n\n<p class=\"has-text-align-center has-body-neutral-color has-text-color has-link-color wp-elements-866356c6fe0e636e6be01bda949bb977\"><strong>The implementation of the grant project funding by <a href=\"https:\/\/www.visegradfund.org\/\">Visegrad Fund<\/a> number&nbsp;22520064&nbsp;in title:<\/strong><\/p>\n\n\n\n<p class=\"has-text-align-center\"><strong>&#8222;Energy management for electric vehicle charging stations by planning micro renewable energy sources.&#8220;<\/strong><\/p>\n\n\n\n<p class=\"has-text-align-center\"><strong>Project Leader: <strong>Tomasz Kossowski<\/strong><\/strong><\/p>\n\n\n\n<p class=\"has-text-align-center\"><strong>Period:&nbsp;01\/10\/2025\u201331\/03\/2027<\/strong><\/p>\n\n\n\n<p>Project Partners:<\/p>\n\n\n\n<p class=\"has-neutral-700-color has-text-color has-link-color wp-elements-693983ad003835c1ae19a9853736e358\"><a href=\"https:\/\/prz.edu.pl\">Rzeszow University of Technology<\/a>, Poland Republic<\/p>\n\n\n\n<p class=\"has-neutral-700-color has-text-color has-link-color wp-elements-81215b8c80147ea51d455f19a7997bbe\"><a href=\"https:\/\/tuke.sk\/sk\">Technical University of Kosice<\/a>, Slovak Republic<\/p>\n\n\n\n<p class=\"has-neutral-700-color has-text-color has-link-color wp-elements-97d9a4d09aecd27b631b88daf6a2a437\"><a href=\"https:\/\/uni-obuda.hu\/\">Obuda University<\/a>, Hungary<\/p>\n\n\n\n<p class=\"has-neutral-700-color has-text-color has-link-color wp-elements-6b501cf441238f00abbd21d3c58692ed\"><a href=\"https:\/\/www.cvut.cz\">Czech Technical University in Prague<\/a>, Czech Republic<\/p>\n\n\n\n<p class=\"has-text-align-center\">The aim of the project is to analyze the load characteristics of the power grid over time due to the operation of electric car chargers. These devices represent a significant power consumption, which generates a significant load on existing transmission lines (including transformers), often forcing a rapid upgrade. The aim of the project is to analyze and try to propose a solution to this problem by designing micro-installations that constitute a source of renewable energy in the immediate vicinity of high-power point consumption. This solution could contribute to reducing the load on existing transmission networks and not having to upgrade them. An additional advantage would be the transmission of large amounts of energy over short distances, which would further improve efficiency and reduce energy losses associated with transmission. Based on actual data on the operation of the power grid and electric vehicle chargers, an algorithm will be developed to simulate the operation of these devices. In addition, the simulation will include ways to solve the problem by proposing solutions in the form of PV installations or wind turbines (according to the user&#8217;s guidance, able to determine the criteria for a given point in terms of the urban situation). The purpose of the algorithm will be to propose both the form of the solution, energy parameters and calculation of estimated gains in the form of reduction of energy transmission losses, as well as to simulate the operation in theory (based on real load data). Actual data will be obtained from Ko\u0161ice and Prague.<\/p>\n\n\n\n<hr class=\"wp-block-separator has-alpha-channel-opacity\"\/>\n\n\n\n<p class=\"has-text-align-center\"><strong>Realiz\u00e1cia grantov\u00e9ho projektu \u010d\u00edslo 22520064 financovan\u00e9ho <strong>Vy\u0161ehradsk\u00fdm fondom<\/strong> s n\u00e1zvom:<\/strong><\/p>\n\n\n\n<p class=\"has-text-align-center\"><strong>&#8222;Energetick\u00fd mana\u017ement nab\u00edjac\u00edch stan\u00edc pre elektrick\u00e9 vozidl\u00e1 pl\u00e1novan\u00edm mikro-zdrojov obnovite\u013enej energie.&#8220;<\/strong><\/p>\n\n\n\n<p class=\"has-text-align-center\"><strong>Ved\u00faci projektu: <strong><strong>Tomasz Kossowski<\/strong><\/strong><\/strong><\/p>\n\n\n\n<p class=\"has-text-align-center\"><strong>Okres:&nbsp;01\/10\/2025\u201331\/03\/2027<\/strong><\/p>\n\n\n\n<p>Projektov\u00ed partneri:<\/p>\n\n\n\n<p class=\"has-neutral-700-color has-text-color has-link-color wp-elements-8a6b753a40c36efef43465079ab973c7\"><a href=\"https:\/\/prz.edu.pl\">Rzesz\u00f3w University of Technology<\/a>, Po\u013esko<\/p>\n\n\n\n<p class=\"has-neutral-700-color has-text-color has-link-color wp-elements-27b61f91e89a477c2d21994034b7b583\"><a href=\"https:\/\/tuke.sk\/sk\">Technick\u00e1 univerzita v Ko\u0161iciach<\/a>, Slovensko<\/p>\n\n\n\n<p class=\"has-neutral-700-color has-text-color has-link-color wp-elements-3cec4b6da290e4d648ac090570c33c6b\"><a href=\"https:\/\/uni-obuda.hu\/\">Obuda University<\/a>, Ma\u010farsko<\/p>\n\n\n\n<p class=\"has-neutral-700-color has-text-color has-link-color wp-elements-12df4c8b3076c9cb156ca95906e70e41\"><a href=\"https:\/\/www.cvut.cz\">\u010cesk\u00e9 vysok\u00e9 u\u010den\u00ed technick\u00e9 v Prahe<\/a>, \u010cesk\u00e1 republika<\/p>\n\n\n\n<p class=\"has-text-align-center\">Cie\u013eom projektu je analyzova\u0165 z\u00e1\u0165a\u017eov\u00e9 charakteristiky elektrickej siete v \u010dase, sp\u00f4soben\u00e9 prev\u00e1dzkou nab\u00edja\u010diek pre elektrick\u00e9 vozidl\u00e1. Tieto zariadenia predstavuj\u00fa v\u00fdznamn\u00fa spotrebu energie, ktor\u00e1 vytv\u00e1ra zna\u010dn\u00fa z\u00e1\u0165a\u017e na existuj\u00face prenosov\u00e9 vedenia (vr\u00e1tane transform\u00e1torov), \u010do si \u010dasto vy\u017eaduje ich ur\u00fdchlen\u00fa moderniz\u00e1ciu.<\/p>\n\n\n\n<p class=\"has-text-align-center\">Projekt si kladie za cie\u013e analyzova\u0165 a navrhn\u00fa\u0165 rie\u0161enie tohto probl\u00e9mu navrhovan\u00edm <strong>mikro-in\u0161tal\u00e1ci\u00ed<\/strong>, ktor\u00e9 tvoria zdroj obnovite\u013enej energie v bezprostrednej bl\u00edzkosti odbern\u00fdch miest s vysok\u00fdm v\u00fdkonom. Tak\u00e9to rie\u0161enie by mohlo prispie\u0165 k zn\u00ed\u017eeniu z\u00e1\u0165a\u017ee na existuj\u00face prenosov\u00e9 siete a eliminova\u0165 potrebu ich moderniz\u00e1cie. \u010eal\u0161ou v\u00fdhodou by bol prenos ve\u013ek\u00e9ho mno\u017estva energie na kr\u00e1tke vzdialenosti, \u010do by \u010falej zv\u00fd\u0161ilo efektivitu a zn\u00ed\u017eilo energetick\u00e9 straty spojen\u00e9 s prenosom.<\/p>\n\n\n\n<p class=\"has-text-align-center\">Na z\u00e1klade re\u00e1lnych \u00fadajov o prev\u00e1dzke elektrickej siete a nab\u00edja\u010diek elektrick\u00fdch vozidiel bude vyvinut\u00fd algoritmus, ktor\u00fd bude simulova\u0165 prev\u00e1dzku t\u00fdchto zariaden\u00ed. Okrem toho bude simul\u00e1cia zah\u0155\u0148a\u0165 aj rie\u0161enia probl\u00e9mu, a to navrhovan\u00edm rie\u0161en\u00ed vo forme fotovoltaick\u00fdch (FV) in\u0161tal\u00e1ci\u00ed alebo vetern\u00fdch turb\u00edn (pod\u013ea pokynov pou\u017e\u00edvate\u013ea, schopn\u00e9ho ur\u010di\u0165 krit\u00e9ri\u00e1 pre dan\u00e9 miesto z h\u013eadiska urbanistickej situ\u00e1cie). \u00da\u010delom algoritmu bude navrhn\u00fa\u0165 formu rie\u0161enia, energetick\u00e9 parametre a v\u00fdpo\u010det odhadovan\u00fdch ziskov vo forme zn\u00ed\u017eenia str\u00e1t pri prenose energie, ako aj teoretick\u00fa simul\u00e1ciu prev\u00e1dzky (na z\u00e1klade re\u00e1lnych \u00fadajov o z\u00e1\u0165a\u017ei). Skuto\u010dn\u00e9 \u00fadaje sa z\u00edskaj\u00fa z <strong>Ko\u0161\u00edc<\/strong> a <strong>Prahy<\/strong>.<\/p>\n\n\n\n<hr class=\"wp-block-separator has-alpha-channel-opacity\"\/>\n\n\n\n<p><\/p>\n","protected":false},"excerpt":{"rendered":"<p>red. R\u00f3bert \u0160tefko The implementation of the grant project funding by Visegrad Fund number&nbsp;22520064&nbsp;in title: &#8222;Energy management for electric vehicle charging stations by planning micro renewable energy sources.&#8220; Project Leader: Tomasz Kossowski Period:&nbsp;01\/10\/2025\u201331\/03\/2027 Project Partners: Rzeszow University of Technology, Poland Republic Technical University of Kosice, Slovak Republic Obuda University, Hungary Czech Technical University in Prague, [&hellip;]<\/p>\n","protected":false},"author":1,"featured_media":0,"parent":0,"menu_order":0,"comment_status":"closed","ping_status":"closed","template":"","meta":{"_frontis_meta_header_display":false,"_frontis_meta_footer_display":false,"_frontis_meta_site_title_display":false,"_frontis_meta_sticky_header":false,"_frontis_meta_transparent_header":false,"_frontis_meta_lazy_load":false,"_frontis_meta_transparent_bg_color":"","_frontis_meta_sticky_bg_color":"","footnotes":""},"class_list":["post-103","page","type-page","status-publish","hentry"],"_links":{"self":[{"href":"https:\/\/visegrad.website.tuke.sk\/index.php\/wp-json\/wp\/v2\/pages\/103","targetHints":{"allow":["GET"]}}],"collection":[{"href":"https:\/\/visegrad.website.tuke.sk\/index.php\/wp-json\/wp\/v2\/pages"}],"about":[{"href":"https:\/\/visegrad.website.tuke.sk\/index.php\/wp-json\/wp\/v2\/types\/page"}],"author":[{"embeddable":true,"href":"https:\/\/visegrad.website.tuke.sk\/index.php\/wp-json\/wp\/v2\/users\/1"}],"replies":[{"embeddable":true,"href":"https:\/\/visegrad.website.tuke.sk\/index.php\/wp-json\/wp\/v2\/comments?post=103"}],"version-history":[{"count":10,"href":"https:\/\/visegrad.website.tuke.sk\/index.php\/wp-json\/wp\/v2\/pages\/103\/revisions"}],"predecessor-version":[{"id":159,"href":"https:\/\/visegrad.website.tuke.sk\/index.php\/wp-json\/wp\/v2\/pages\/103\/revisions\/159"}],"wp:attachment":[{"href":"https:\/\/visegrad.website.tuke.sk\/index.php\/wp-json\/wp\/v2\/media?parent=103"}],"curies":[{"name":"wp","href":"https:\/\/api.w.org\/{rel}","templated":true}]}}