{"id":110,"date":"2025-09-20T18:27:43","date_gmt":"2025-09-20T18:27:43","guid":{"rendered":"https:\/\/visegrad.website.tuke.sk\/?page_id=110"},"modified":"2025-10-01T09:00:52","modified_gmt":"2025-10-01T09:00:52","slug":"project-team","status":"publish","type":"page","link":"https:\/\/visegrad.website.tuke.sk\/index.php\/project-team\/","title":{"rendered":"Project team"},"content":{"rendered":"\n<p>red. R\u00f3bert \u0160tefko<\/p>\n\n\n\n<figure class=\"wp-block-image is-resized\"><img decoding=\"async\" src=\"https:\/\/pkb.net.pl\/wp-content\/uploads\/2019\/06\/politechnika_logo_JPG.jpg\" alt=\"POLITECHNIKA RZESZOWSKA - Podkarpacki Klub Biznesu\" style=\"width:400px\"\/><\/figure>\n\n\n\n<figure class=\"wp-block-image is-resized\"><img decoding=\"async\" src=\"https:\/\/w.prz.edu.pl\/fcp\/FGBUKOQtTKlQhbx08SlkTUgBDQGpgTx0DDiA-WAJVQG9UFVZpCFghUHcKVigEQUw\/1001\/foto\/kosice_en.png\" alt=\"kosice_en.png\" style=\"width:400px\"\/><\/figure>\n\n\n\n<figure class=\"wp-block-image size-full is-resized\"><img loading=\"lazy\" decoding=\"async\" width=\"669\" height=\"173\" src=\"https:\/\/visegrad.website.tuke.sk\/wp-content\/uploads\/2025\/09\/OE_logo-1.jpg\" alt=\"\" class=\"wp-image-130\" style=\"width:400px\" srcset=\"https:\/\/visegrad.website.tuke.sk\/wp-content\/uploads\/2025\/09\/OE_logo-1.jpg 669w, https:\/\/visegrad.website.tuke.sk\/wp-content\/uploads\/2025\/09\/OE_logo-1-300x78.jpg 300w\" sizes=\"auto, (max-width: 669px) 100vw, 669px\" \/><\/figure>\n\n\n\n<figure class=\"wp-block-image is-resized\"><img decoding=\"async\" src=\"https:\/\/upload.wikimedia.org\/wikipedia\/commons\/thumb\/0\/0b\/CVUT_logo.jpg\/420px-CVUT_logo.jpg\" alt=\"\u010cesk\u00e9 vysok\u00e9 u\u010den\u00ed technick\u00e9 v Praze - Wikiwand\" style=\"width:400px\"\/><\/figure>\n\n\n\n<h6 class=\"wp-block-heading\"><strong><strong>Project Steering Committee<\/strong><\/strong><\/h6>\n\n\n\n<p><strong>Tomasz Kossowski<\/strong><\/p>\n\n\n\n<p><strong>R\u00f3bert \u0160tefko<\/strong><\/p>\n\n\n\n<p><strong>Zsolt \u010conka<\/strong><\/p>\n\n\n\n<p><strong>Marek Miltner<\/strong><br><\/p>\n\n\n\n<h6 class=\"wp-block-heading\"><strong><strong><strong>Project Team<\/strong><\/strong><\/strong><\/h6>\n\n\n\n<p><strong>Zsolt \u010conka<\/strong><\/p>\n\n\n\n<p><strong>Marek Bob\u010dek<\/strong><\/p>\n\n\n\n<p><strong><strong>R\u00f3bert \u0160tefko<\/strong><\/strong><\/p>\n\n\n\n<p><strong><strong>J\u00falius \u0160im\u010d\u00e1k<\/strong><\/strong><\/p>\n\n\n\n<p><strong><strong><strong>Vladim\u00edr Szomosi<\/strong><\/strong><\/strong><br><br><\/p>\n\n\n\n<p><strong>Financing:<\/strong><\/p>\n\n\n\n<p>The International Visegrad Fund<\/p>\n\n\n\n<p class=\"has-body-neutral-color has-text-color has-link-color wp-elements-e319dea41c424c8d286ba1ea86d71676\">website: <a href=\"https:\/\/www.visegradfund.org\/\">https:\/\/www.visegradfund.org\/<\/a><\/p>\n\n\n\n<p class=\"has-text-align-center\">The project is co-financed by the Governments of Czechia, Hungary, Poland and Slovakia through Visegrad Grants from International Visegrad Fund. The mission of the fund is to advance ideas for sustainable regional cooperation in Central Europe.<\/p>\n\n\n\n<p><strong>Applicant:<\/strong><\/p>\n\n\n\n<p>Technical University of Ko\u0161ice<\/p>\n\n\n\n<p>address: M\u00e4siarska 74, Ko\u0161ice, Slovakia<\/p>\n\n\n\n<p class=\"has-body-neutral-color has-text-color has-link-color wp-elements-d24d61a917f62989cd87d91515ca2997\">website: <a href=\"https:\/\/w.prz.edu.pl\/en\/\">https:\/\/www.tuke.sk<\/a><\/p>\n","protected":false},"excerpt":{"rendered":"<p>red. R\u00f3bert \u0160tefko Project Steering Committee Tomasz Kossowski R\u00f3bert \u0160tefko Zsolt \u010conka Marek Miltner Project Team Zsolt \u010conka Marek Bob\u010dek R\u00f3bert \u0160tefko J\u00falius \u0160im\u010d\u00e1k Vladim\u00edr Szomosi Financing: The International Visegrad Fund website: https:\/\/www.visegradfund.org\/ The project is co-financed by the Governments of Czechia, Hungary, Poland and Slovakia through Visegrad Grants from International Visegrad Fund. The mission [&hellip;]<\/p>\n","protected":false},"author":1,"featured_media":0,"parent":0,"menu_order":0,"comment_status":"closed","ping_status":"closed","template":"","meta":{"_frontis_meta_header_display":false,"_frontis_meta_footer_display":false,"_frontis_meta_site_title_display":false,"_frontis_meta_sticky_header":false,"_frontis_meta_transparent_header":false,"_frontis_meta_lazy_load":false,"_frontis_meta_transparent_bg_color":"","_frontis_meta_sticky_bg_color":"","footnotes":""},"class_list":["post-110","page","type-page","status-publish","hentry"],"_links":{"self":[{"href":"https:\/\/visegrad.website.tuke.sk\/index.php\/wp-json\/wp\/v2\/pages\/110","targetHints":{"allow":["GET"]}}],"collection":[{"href":"https:\/\/visegrad.website.tuke.sk\/index.php\/wp-json\/wp\/v2\/pages"}],"about":[{"href":"https:\/\/visegrad.website.tuke.sk\/index.php\/wp-json\/wp\/v2\/types\/page"}],"author":[{"embeddable":true,"href":"https:\/\/visegrad.website.tuke.sk\/index.php\/wp-json\/wp\/v2\/users\/1"}],"replies":[{"embeddable":true,"href":"https:\/\/visegrad.website.tuke.sk\/index.php\/wp-json\/wp\/v2\/comments?post=110"}],"version-history":[{"count":6,"href":"https:\/\/visegrad.website.tuke.sk\/index.php\/wp-json\/wp\/v2\/pages\/110\/revisions"}],"predecessor-version":[{"id":138,"href":"https:\/\/visegrad.website.tuke.sk\/index.php\/wp-json\/wp\/v2\/pages\/110\/revisions\/138"}],"wp:attachment":[{"href":"https:\/\/visegrad.website.tuke.sk\/index.php\/wp-json\/wp\/v2\/media?parent=110"}],"curies":[{"name":"wp","href":"https:\/\/api.w.org\/{rel}","templated":true}]}}