{"id":165,"date":"2026-04-01T05:41:30","date_gmt":"2026-04-01T05:41:30","guid":{"rendered":"https:\/\/visegrad.website.tuke.sk\/?page_id=165"},"modified":"2026-04-01T06:00:11","modified_gmt":"2026-04-01T06:00:11","slug":"conference-stara-lesna-slovakia","status":"publish","type":"page","link":"https:\/\/visegrad.website.tuke.sk\/index.php\/conference-stara-lesna-slovakia\/","title":{"rendered":"Conference Star\u00e1 Lesn\u00e1, Slovakia"},"content":{"rendered":"\n<h2 class=\"wp-block-heading\">Conference Star\u00e1 Lesn\u00e1, Slovakia<\/h2>\n\n\n\n<p>2026-03-24, red.&nbsp; R\u00f3bert \u0160tefko<\/p>\n\n\n\n<p>Smart Power Systems Collaboration &amp; Integration<\/p>\n\n\n\n<p><strong>Organizer:<\/strong><\/p>\n\n\n\n<p>Department of Electric Power Engineering, Faculty of Electrical Engineering and Informatics, Technical University of Ko\u0161ice<\/p>\n\n\n\n<p>This Workshop is a part of the projects: <strong>Interreg V4GRID<\/strong><strong> CE0200803 <\/strong><strong>&#8222;The Visegrad group for Vehicle to X&#8220;<\/strong> , <strong>Visegrad Fund No. <\/strong><strong>22530090<\/strong><strong> &#8222;V4 EnergyNet: Academic Networking for Renewable Energy and Smart Power Systems&#8220;<\/strong> , <strong>APVV-22-0115 &#8222;Nano-functionalization of liquids for oil transformers&#8220;<\/strong> , <strong>VEGA 2\/0029\/24 &#8222;Energy harvesting through magnetic fluids&#8220;<\/strong> , <strong>VEGA 1\/0380\/24 &#8222;Research into innovative insulating materials doped with nanoparticles for the power industry&#8220;<\/strong> , <strong>VEGA 1\/0627\/24 &#8222;Research into the impact of the development of electromobility and renewable energy on distribution systems&#8220;<\/strong> , <strong>VEGA 1\/0532\/25 &#8222;Research into the possibilities of increasing the transmission capabilities of existing external power lines&#8220;<\/strong> , and the project: <strong>European Union&#8217;s Horizon | Marie Sk\u0142odowska-Curie Actions <\/strong><strong>RETROTRAFO <\/strong><strong>No. 101182948.<\/strong><\/p>\n\n\n\n<p><strong>Details:&nbsp;<a href=\"https:\/\/energypowersystems.website.tuke.sk\/index.php\/workshop-tatry-2026\/\">https:\/\/energypowersystems.website.tuke.sk\/index.php\/workshop-tatry-2026\/<\/a><\/strong><\/p>\n\n\n\n<p><strong>Photos of members and presentation results:<\/strong><\/p>\n\n\n\n<figure class=\"wp-block-image size-large\"><img loading=\"lazy\" decoding=\"async\" width=\"1024\" height=\"577\" src=\"https:\/\/visegrad.website.tuke.sk\/wp-content\/uploads\/2026\/04\/20260317_102441-1-1024x577.jpg\" alt=\"\" class=\"wp-image-174\" srcset=\"https:\/\/visegrad.website.tuke.sk\/wp-content\/uploads\/2026\/04\/20260317_102441-1-1024x577.jpg 1024w, https:\/\/visegrad.website.tuke.sk\/wp-content\/uploads\/2026\/04\/20260317_102441-1-300x169.jpg 300w, https:\/\/visegrad.website.tuke.sk\/wp-content\/uploads\/2026\/04\/20260317_102441-1-768x432.jpg 768w, https:\/\/visegrad.website.tuke.sk\/wp-content\/uploads\/2026\/04\/20260317_102441-1-1536x865.jpg 1536w, https:\/\/visegrad.website.tuke.sk\/wp-content\/uploads\/2026\/04\/20260317_102441-1-2048x1153.jpg 2048w\" sizes=\"auto, (max-width: 1024px) 100vw, 1024px\" \/><\/figure>\n\n\n\n<figure class=\"wp-block-image size-large\"><img loading=\"lazy\" decoding=\"async\" width=\"1024\" height=\"577\" src=\"https:\/\/visegrad.website.tuke.sk\/wp-content\/uploads\/2026\/04\/20260317_102545-1024x577.jpg\" alt=\"\" class=\"wp-image-175\" srcset=\"https:\/\/visegrad.website.tuke.sk\/wp-content\/uploads\/2026\/04\/20260317_102545-1024x577.jpg 1024w, https:\/\/visegrad.website.tuke.sk\/wp-content\/uploads\/2026\/04\/20260317_102545-300x169.jpg 300w, https:\/\/visegrad.website.tuke.sk\/wp-content\/uploads\/2026\/04\/20260317_102545-768x432.jpg 768w, https:\/\/visegrad.website.tuke.sk\/wp-content\/uploads\/2026\/04\/20260317_102545-1536x865.jpg 1536w, https:\/\/visegrad.website.tuke.sk\/wp-content\/uploads\/2026\/04\/20260317_102545-2048x1153.jpg 2048w\" sizes=\"auto, (max-width: 1024px) 100vw, 1024px\" \/><\/figure>\n","protected":false},"excerpt":{"rendered":"<p>Conference Star\u00e1 Lesn\u00e1, Slovakia 2026-03-24, red.&nbsp; R\u00f3bert \u0160tefko Smart Power Systems Collaboration &amp; Integration Organizer: Department of Electric Power Engineering, Faculty of Electrical Engineering and Informatics, Technical University of Ko\u0161ice This Workshop is a part of the projects: Interreg V4GRID CE0200803 &#8222;The Visegrad group for Vehicle to X&#8220; , Visegrad Fund No. 22530090 &#8222;V4 EnergyNet: [&hellip;]<\/p>\n","protected":false},"author":1,"featured_media":0,"parent":0,"menu_order":0,"comment_status":"closed","ping_status":"closed","template":"","meta":{"_frontis_meta_header_display":false,"_frontis_meta_footer_display":false,"_frontis_meta_site_title_display":false,"_frontis_meta_sticky_header":false,"_frontis_meta_transparent_header":false,"_frontis_meta_lazy_load":false,"_frontis_meta_transparent_bg_color":"","_frontis_meta_sticky_bg_color":"","footnotes":""},"class_list":["post-165","page","type-page","status-publish","hentry"],"_links":{"self":[{"href":"https:\/\/visegrad.website.tuke.sk\/index.php\/wp-json\/wp\/v2\/pages\/165","targetHints":{"allow":["GET"]}}],"collection":[{"href":"https:\/\/visegrad.website.tuke.sk\/index.php\/wp-json\/wp\/v2\/pages"}],"about":[{"href":"https:\/\/visegrad.website.tuke.sk\/index.php\/wp-json\/wp\/v2\/types\/page"}],"author":[{"embeddable":true,"href":"https:\/\/visegrad.website.tuke.sk\/index.php\/wp-json\/wp\/v2\/users\/1"}],"replies":[{"embeddable":true,"href":"https:\/\/visegrad.website.tuke.sk\/index.php\/wp-json\/wp\/v2\/comments?post=165"}],"version-history":[{"count":6,"href":"https:\/\/visegrad.website.tuke.sk\/index.php\/wp-json\/wp\/v2\/pages\/165\/revisions"}],"predecessor-version":[{"id":176,"href":"https:\/\/visegrad.website.tuke.sk\/index.php\/wp-json\/wp\/v2\/pages\/165\/revisions\/176"}],"wp:attachment":[{"href":"https:\/\/visegrad.website.tuke.sk\/index.php\/wp-json\/wp\/v2\/media?parent=165"}],"curies":[{"name":"wp","href":"https:\/\/api.w.org\/{rel}","templated":true}]}}